{"id":2747,"date":"2025-11-04T12:22:31","date_gmt":"2025-11-04T11:22:31","guid":{"rendered":"https:\/\/98395-hotelroyalsuperga.tempwebsite.it\/reunion-evenements\/"},"modified":"2026-03-05T11:31:28","modified_gmt":"2026-03-05T10:31:28","slug":"reunion-evenements","status":"publish","type":"page","link":"https:\/\/www.hotelroyalsuperga.it\/fr\/reunion-evenements\/","title":{"rendered":"R\u00e9union &amp; \u00c9v\u00e9nements"},"content":{"rendered":"\t\t<div data-elementor-type=\"wp-page\" data-elementor-id=\"2747\" class=\"elementor elementor-2747 elementor-1816\" data-elementor-post-type=\"page\">\n\t\t\t\t<div class=\"elementor-element elementor-element-0103004 e-flex e-con-boxed e-con e-parent\" data-id=\"0103004\" data-element_type=\"container\" data-e-type=\"container\" data-settings=\"{&quot;background_background&quot;:&quot;classic&quot;}\">\n\t\t\t\t\t<div class=\"e-con-inner\">\n\t\t\t\t<div class=\"elementor-element elementor-element-77e48e7 elementor-widget elementor-widget-heading\" data-id=\"77e48e7\" data-element_type=\"widget\" data-e-type=\"widget\" data-widget_type=\"heading.default\">\n\t\t\t\t\t<h1 class=\"elementor-heading-title elementor-size-default\">R\u00e9union &amp; \u00c9v\u00e9nements<\/h1>\t\t\t\t<\/div>\n\t\t\t\t\t<\/div>\n\t\t\t\t<\/div>\n\t\t<div class=\"elementor-element elementor-element-11b8230 e-flex e-con-boxed e-con e-parent\" data-id=\"11b8230\" data-element_type=\"container\" data-e-type=\"container\">\n\t\t\t\t\t<div class=\"e-con-inner\">\n\t\t\t\t<div class=\"elementor-element elementor-element-509c44d e-transform elementor-widget-divider--view-line elementor-invisible elementor-widget elementor-widget-divider\" data-id=\"509c44d\" data-element_type=\"widget\" data-e-type=\"widget\" data-settings=\"{&quot;_transform_rotateZ_effect&quot;:{&quot;unit&quot;:&quot;px&quot;,&quot;size&quot;:90,&quot;sizes&quot;:[]},&quot;_animation&quot;:&quot;fadeInDown&quot;,&quot;_animation_tablet&quot;:&quot;none&quot;,&quot;_transform_rotateZ_effect_tablet&quot;:{&quot;unit&quot;:&quot;deg&quot;,&quot;size&quot;:&quot;&quot;,&quot;sizes&quot;:[]},&quot;_transform_rotateZ_effect_mobile&quot;:{&quot;unit&quot;:&quot;deg&quot;,&quot;size&quot;:&quot;&quot;,&quot;sizes&quot;:[]}}\" data-widget_type=\"divider.default\">\n\t\t\t\t\t\t\t<div class=\"elementor-divider\">\n\t\t\t<span class=\"elementor-divider-separator\">\n\t\t\t\t\t\t<\/span>\n\t\t<\/div>\n\t\t\t\t\t\t<\/div>\n\t\t<div class=\"elementor-element elementor-element-74f8e46 e-con-full e-flex e-con e-child\" data-id=\"74f8e46\" data-element_type=\"container\" data-e-type=\"container\">\n\t\t\t\t<div class=\"elementor-element elementor-element-ccc4c61 elementor-widget elementor-widget-heading\" data-id=\"ccc4c61\" data-element_type=\"widget\" data-e-type=\"widget\" data-widget_type=\"heading.default\">\n\t\t\t\t\t<span class=\"elementor-heading-title elementor-size-default\">Vos espaces exclusifs<\/span>\t\t\t\t<\/div>\n\t\t\t\t<div class=\"elementor-element elementor-element-7a8d0ce elementor-widget elementor-widget-heading\" data-id=\"7a8d0ce\" data-element_type=\"widget\" data-e-type=\"widget\" data-widget_type=\"heading.default\">\n\t\t\t\t\t<h2 class=\"elementor-heading-title elementor-size-default\">Reunions de travail, evenements prives et moments de networking<\/h2>\t\t\t\t<\/div>\n\t\t\t\t<div class=\"elementor-element elementor-element-f1ef168 elementor-widget elementor-widget-text-editor\" data-id=\"f1ef168\" data-element_type=\"widget\" data-e-type=\"widget\" data-widget_type=\"text-editor.default\">\n\t\t\t\t\t\t\t\t\t<p>The Hotel Royal Superga propose des espaces modernes et fonctionnels pour vos r\u00e9unions, \u00e9v\u00e8nements de travail et priv\u00e9s, soit pour les clients de l\u2019h\u00f4tel ainsi que pour les clients externes qui cherchent une ambiance \u00e9l\u00e9gante au c\u0153ur de Cuneo.<\/p><p>On dispose de <strong>deux salles de r\u00e9union \u00e9quip\u00e9es<\/strong>:<\/p><p>La <strong>salle principale<\/strong> qui peut accueillir<strong> jusqu\u2019\u00e0 40 personnes <\/strong>en mode publique, solution id\u00e9ale pour s\u00e9minaires, cours de formation ou conventions.<br>La <strong>salle executive avec ses 6 places assises<\/strong>, endroit parfait pour des r\u00e9unions plus intimes.<\/p><p>Il est possible d\u2019organiser des \u00e9v\u00e8nements dans la salle de r\u00e9union plus un service de restauration sur la <strong><a href=\"https:\/\/www.hotelroyalsuperga.it\/fr\/terrasse-lounge-bar\/\">terrasse lounge bar<\/a><\/strong>.<\/p>\t\t\t\t\t\t\t\t<\/div>\n\t\t\t\t<\/div>\n\t\t\t\t\t<\/div>\n\t\t\t\t<\/div>\n\t\t<div class=\"elementor-element elementor-element-3f1153b e-flex e-con-boxed e-con e-parent\" data-id=\"3f1153b\" data-element_type=\"container\" data-e-type=\"container\" data-settings=\"{&quot;background_background&quot;:&quot;classic&quot;}\">\n\t\t\t\t\t<div class=\"e-con-inner\">\n\t\t<div class=\"elementor-element elementor-element-a4a82da e-flex e-con-boxed e-con e-child\" data-id=\"a4a82da\" data-element_type=\"container\" data-e-type=\"container\">\n\t\t\t\t\t<div class=\"e-con-inner\">\n\t\t\t\t<div class=\"elementor-element elementor-element-740949d elementor-widget elementor-widget-heading\" data-id=\"740949d\" data-element_type=\"widget\" data-e-type=\"widget\" data-widget_type=\"heading.default\">\n\t\t\t\t\t<h3 class=\"elementor-heading-title elementor-size-default\">Dans nos espaces<\/h3>\t\t\t\t<\/div>\n\t\t\t\t\t<\/div>\n\t\t\t\t<\/div>\n\t\t\t\t\t<\/div>\n\t\t\t\t<\/div>\n\t\t<div class=\"elementor-element elementor-element-d182019 e-flex e-con-boxed e-con e-parent\" data-id=\"d182019\" data-element_type=\"container\" data-e-type=\"container\" data-settings=\"{&quot;background_background&quot;:&quot;classic&quot;}\">\n\t\t\t\t\t<div class=\"e-con-inner\">\n\t\t<div class=\"elementor-element elementor-element-9150c91 e-con-full e-flex e-con e-child\" data-id=\"9150c91\" data-element_type=\"container\" data-e-type=\"container\" data-settings=\"{&quot;background_background&quot;:&quot;classic&quot;}\">\n\t\t\t\t<div class=\"elementor-element elementor-element-72a3be6 elementor-tablet-position-inline-start elementor-mobile-position-inline-start elementor-view-default elementor-position-block-start elementor-widget elementor-widget-icon-box\" data-id=\"72a3be6\" data-element_type=\"widget\" data-e-type=\"widget\" data-widget_type=\"icon-box.default\">\n\t\t\t\t\t\t\t<div class=\"elementor-icon-box-wrapper\">\n\n\t\t\t\t\t\t<div class=\"elementor-icon-box-icon\">\n\t\t\t\t<span  class=\"elementor-icon\">\n\t\t\t\t<svg aria-hidden=\"true\" class=\"e-font-icon-svg e-fas-wifi\" viewBox=\"0 0 640 512\" xmlns=\"http:\/\/www.w3.org\/2000\/svg\"><path d=\"M634.91 154.88C457.74-8.99 182.19-8.93 5.09 154.88c-6.66 6.16-6.79 16.59-.35 22.98l34.24 33.97c6.14 6.1 16.02 6.23 22.4.38 145.92-133.68 371.3-133.71 517.25 0 6.38 5.85 16.26 5.71 22.4-.38l34.24-33.97c6.43-6.39 6.3-16.82-.36-22.98zM320 352c-35.35 0-64 28.65-64 64s28.65 64 64 64 64-28.65 64-64-28.65-64-64-64zm202.67-83.59c-115.26-101.93-290.21-101.82-405.34 0-6.9 6.1-7.12 16.69-.57 23.15l34.44 33.99c6 5.92 15.66 6.32 22.05.8 83.95-72.57 209.74-72.41 293.49 0 6.39 5.52 16.05 5.13 22.05-.8l34.44-33.99c6.56-6.46 6.33-17.06-.56-23.15z\"><\/path><\/svg>\t\t\t\t<\/span>\n\t\t\t<\/div>\n\t\t\t\n\t\t\t\t\t\t<div class=\"elementor-icon-box-content\">\n\n\t\t\t\t\t\t\t\t\t<span class=\"elementor-icon-box-title\">\n\t\t\t\t\t\t<span  >\n\t\t\t\t\t\t\tWI-FI\t\t\t\t\t\t<\/span>\n\t\t\t\t\t<\/span>\n\t\t\t\t\n\t\t\t\t\t\t\t\t\t<p class=\"elementor-icon-box-description\">\n\t\t\t\t\t\thaut d\u00e9bit\t\t\t\t\t<\/p>\n\t\t\t\t\n\t\t\t<\/div>\n\t\t\t\n\t\t<\/div>\n\t\t\t\t\t\t<\/div>\n\t\t\t\t<\/div>\n\t\t<div class=\"elementor-element elementor-element-b256b8a e-con-full e-flex e-con e-child\" data-id=\"b256b8a\" data-element_type=\"container\" data-e-type=\"container\" data-settings=\"{&quot;background_background&quot;:&quot;classic&quot;}\">\n\t\t\t\t<div class=\"elementor-element elementor-element-7d803d7 elementor-tablet-position-inline-start elementor-mobile-position-inline-start elementor-view-default elementor-position-block-start elementor-widget elementor-widget-icon-box\" data-id=\"7d803d7\" data-element_type=\"widget\" data-e-type=\"widget\" data-widget_type=\"icon-box.default\">\n\t\t\t\t\t\t\t<div class=\"elementor-icon-box-wrapper\">\n\n\t\t\t\t\t\t<div class=\"elementor-icon-box-icon\">\n\t\t\t\t<span  class=\"elementor-icon\">\n\t\t\t\t<svg aria-hidden=\"true\" class=\"e-font-icon-svg e-fas-tv\" viewBox=\"0 0 640 512\" xmlns=\"http:\/\/www.w3.org\/2000\/svg\"><path d=\"M592 0H48A48 48 0 0 0 0 48v320a48 48 0 0 0 48 48h240v32H112a16 16 0 0 0-16 16v32a16 16 0 0 0 16 16h416a16 16 0 0 0 16-16v-32a16 16 0 0 0-16-16H352v-32h240a48 48 0 0 0 48-48V48a48 48 0 0 0-48-48zm-16 352H64V64h512z\"><\/path><\/svg>\t\t\t\t<\/span>\n\t\t\t<\/div>\n\t\t\t\n\t\t\t\t\t\t<div class=\"elementor-icon-box-content\">\n\n\t\t\t\t\t\t\t\t\t<span class=\"elementor-icon-box-title\">\n\t\t\t\t\t\t<span  >\n\t\t\t\t\t\t\t\u00c9crans \t\t\t\t\t\t<\/span>\n\t\t\t\t\t<\/span>\n\t\t\t\t\n\t\t\t\t\t\t\t\t\t<p class=\"elementor-icon-box-description\">\n\t\t\t\t\t\tfull HD 55 pouces\t\t\t\t\t<\/p>\n\t\t\t\t\n\t\t\t<\/div>\n\t\t\t\n\t\t<\/div>\n\t\t\t\t\t\t<\/div>\n\t\t\t\t<\/div>\n\t\t<div class=\"elementor-element elementor-element-4407b1a e-con-full e-flex e-con e-child\" data-id=\"4407b1a\" data-element_type=\"container\" data-e-type=\"container\" data-settings=\"{&quot;background_background&quot;:&quot;classic&quot;}\">\n\t\t\t\t<div class=\"elementor-element elementor-element-01cd2b0 elementor-tablet-position-inline-start elementor-mobile-position-inline-start elementor-view-default elementor-position-block-start elementor-widget elementor-widget-icon-box\" data-id=\"01cd2b0\" data-element_type=\"widget\" data-e-type=\"widget\" data-widget_type=\"icon-box.default\">\n\t\t\t\t\t\t\t<div class=\"elementor-icon-box-wrapper\">\n\n\t\t\t\t\t\t<div class=\"elementor-icon-box-icon\">\n\t\t\t\t<span  class=\"elementor-icon\">\n\t\t\t\t<svg aria-hidden=\"true\" class=\"e-font-icon-svg e-fas-check-circle\" viewBox=\"0 0 512 512\" xmlns=\"http:\/\/www.w3.org\/2000\/svg\"><path d=\"M504 256c0 136.967-111.033 248-248 248S8 392.967 8 256 119.033 8 256 8s248 111.033 248 248zM227.314 387.314l184-184c6.248-6.248 6.248-16.379 0-22.627l-22.627-22.627c-6.248-6.249-16.379-6.249-22.628 0L216 308.118l-70.059-70.059c-6.248-6.248-16.379-6.248-22.628 0l-22.627 22.627c-6.248 6.248-6.248 16.379 0 22.627l104 104c6.249 6.249 16.379 6.249 22.628.001z\"><\/path><\/svg>\t\t\t\t<\/span>\n\t\t\t<\/div>\n\t\t\t\n\t\t\t\t\t\t<div class=\"elementor-icon-box-content\">\n\n\t\t\t\t\t\t\t\t\t<span class=\"elementor-icon-box-title\">\n\t\t\t\t\t\t<span  >\n\t\t\t\t\t\t\t\u00c9quipements techniques\t\t\t\t\t\t<\/span>\n\t\t\t\t\t<\/span>\n\t\t\t\t\n\t\t\t\t\t\t\t\t\t<p class=\"elementor-icon-box-description\">\n\t\t\t\t\t\tsur demande\t\t\t\t\t<\/p>\n\t\t\t\t\n\t\t\t<\/div>\n\t\t\t\n\t\t<\/div>\n\t\t\t\t\t\t<\/div>\n\t\t\t\t<\/div>\n\t\t<div class=\"elementor-element elementor-element-09a6669 e-con-full e-flex e-con e-child\" data-id=\"09a6669\" data-element_type=\"container\" data-e-type=\"container\" data-settings=\"{&quot;background_background&quot;:&quot;classic&quot;}\">\n\t\t\t\t<div class=\"elementor-element elementor-element-fd4f85e elementor-tablet-position-inline-start elementor-mobile-position-inline-start elementor-view-default elementor-position-block-start elementor-widget elementor-widget-icon-box\" data-id=\"fd4f85e\" data-element_type=\"widget\" data-e-type=\"widget\" data-widget_type=\"icon-box.default\">\n\t\t\t\t\t\t\t<div class=\"elementor-icon-box-wrapper\">\n\n\t\t\t\t\t\t<div class=\"elementor-icon-box-icon\">\n\t\t\t\t<span  class=\"elementor-icon\">\n\t\t\t\t<svg aria-hidden=\"true\" class=\"e-font-icon-svg e-fas-utensils\" viewBox=\"0 0 416 512\" xmlns=\"http:\/\/www.w3.org\/2000\/svg\"><path d=\"M207.9 15.2c.8 4.7 16.1 94.5 16.1 128.8 0 52.3-27.8 89.6-68.9 104.6L168 486.7c.7 13.7-10.2 25.3-24 25.3H80c-13.7 0-24.7-11.5-24-25.3l12.9-238.1C27.7 233.6 0 196.2 0 144 0 109.6 15.3 19.9 16.1 15.2 19.3-5.1 61.4-5.4 64 16.3v141.2c1.3 3.4 15.1 3.2 16 0 1.4-25.3 7.9-139.2 8-141.8 3.3-20.8 44.7-20.8 47.9 0 .2 2.7 6.6 116.5 8 141.8.9 3.2 14.8 3.4 16 0V16.3c2.6-21.6 44.8-21.4 48-1.1zm119.2 285.7l-15 185.1c-1.2 14 9.9 26 23.9 26h56c13.3 0 24-10.7 24-24V24c0-13.2-10.7-24-24-24-82.5 0-221.4 178.5-64.9 300.9z\"><\/path><\/svg>\t\t\t\t<\/span>\n\t\t\t<\/div>\n\t\t\t\n\t\t\t\t\t\t<div class=\"elementor-icon-box-content\">\n\n\t\t\t\t\t\t\t\t\t<span class=\"elementor-icon-box-title\">\n\t\t\t\t\t\t<span  >\n\t\t\t\t\t\t\tOrganisation\t\t\t\t\t\t<\/span>\n\t\t\t\t\t<\/span>\n\t\t\t\t\n\t\t\t\t\t\t\t\t\t<p class=\"elementor-icon-box-description\">\n\t\t\t\t\t\tde coffee break, light lunch ou ap\u00e9ritifs sur mesure\t\t\t\t\t<\/p>\n\t\t\t\t\n\t\t\t<\/div>\n\t\t\t\n\t\t<\/div>\n\t\t\t\t\t\t<\/div>\n\t\t\t\t<\/div>\n\t\t\t\t\t<\/div>\n\t\t\t\t<\/div>\n\t\t<div class=\"elementor-element elementor-element-bcb91ca e-flex e-con-boxed e-con e-parent\" data-id=\"bcb91ca\" data-element_type=\"container\" data-e-type=\"container\">\n\t\t\t\t\t<div class=\"e-con-inner\">\n\t\t<div class=\"elementor-element elementor-element-fd7e3f5 e-con-full e-flex e-con e-child\" data-id=\"fd7e3f5\" data-element_type=\"container\" data-e-type=\"container\" data-settings=\"{&quot;background_background&quot;:&quot;classic&quot;}\">\n\t\t\t\t<\/div>\n\t\t<div class=\"elementor-element elementor-element-c4e6582 e-con-full e-flex e-con e-child\" data-id=\"c4e6582\" data-element_type=\"container\" data-e-type=\"container\">\n\t\t\t\t<div class=\"elementor-element elementor-element-8be6986 elementor-widget elementor-widget-heading\" data-id=\"8be6986\" data-element_type=\"widget\" data-e-type=\"widget\" data-widget_type=\"heading.default\">\n\t\t\t\t\t<h3 class=\"elementor-heading-title elementor-size-default\">Terrasse Lounge Bar et espaces polyvalents <\/h3>\t\t\t\t<\/div>\n\t\t\t\t<div class=\"elementor-element elementor-element-e192a22 elementor-widget elementor-widget-text-editor\" data-id=\"e192a22\" data-element_type=\"widget\" data-e-type=\"widget\" data-widget_type=\"text-editor.default\">\n\t\t\t\t\t\t\t\t\t<p>La <strong>terrasse lounge bar<\/strong>, accessible directement depuis la salle de r\u00e9union, est l\u2019espace parfait pour vos moments de networking, s\u00e9minaires ou \u00e9v\u00e8nements priv\u00e9s : d&rsquo;un ap\u00e9ritif d\u00e9contract\u00e9 \u00e0 un d\u00eener avec vue, jusqu\u2019aux anniversaires ou autres occasions sp\u00e9ciales, on s\u2019engage pour d\u00e9livrer un service sur mesure et soign\u00e9 dans les d\u00e9tails.<\/p><p>The Hotel Royal Superga met \u00e0 votre disposition des<strong> espaces \u00e9l\u00e9gants, polyvalents et enti\u00e8rement personnalisables<\/strong> pour rendre chaque \u00e9v\u00e8nement une exp\u00e9rience unique au c\u0153ur de Cuneo.<\/p>\t\t\t\t\t\t\t\t<\/div>\n\t\t\t\t<\/div>\n\t\t\t\t\t<\/div>\n\t\t\t\t<\/div>\n\t\t\t\t<\/div>\n\t\t","protected":false},"excerpt":{"rendered":"<p>R\u00e9union &amp; \u00c9v\u00e9nements Vos espaces exclusifs Reunions de travail, evenements prives et moments de networking The Hotel Royal Superga propose des espaces modernes et fonctionnels pour vos r\u00e9unions, \u00e9v\u00e8nements de travail et priv\u00e9s, soit pour les clients de l\u2019h\u00f4tel ainsi que pour les clients externes qui cherchent une ambiance \u00e9l\u00e9gante au c\u0153ur de Cuneo. On [&hellip;]<\/p>\n","protected":false},"author":6,"featured_media":2748,"parent":0,"menu_order":0,"comment_status":"closed","ping_status":"closed","template":"","meta":{"footnotes":""},"class_list":["post-2747","page","type-page","status-publish","has-post-thumbnail","hentry"],"yoast_head":"<!-- This site is optimized with the Yoast SEO plugin v27.3 - https:\/\/yoast.com\/product\/yoast-seo-wordpress\/ -->\n<title>Salle de r\u00e9union pour \u00e9v\u00e9nements et affaires - H\u00f4tel Royal Superga \u00e0 Cuneo<\/title>\n<meta name=\"description\" content=\"D\u00e9couvrez la salle de r\u00e9union de l&#039;h\u00f4tel Royal Superga: id\u00e9ale pour vos r\u00e9unions de travail \u00e0 Cuneo et vos \u00e9v\u00e9nements professionnels.\" \/>\n<meta name=\"robots\" content=\"index, follow, max-snippet:-1, max-image-preview:large, max-video-preview:-1\" \/>\n<link rel=\"canonical\" href=\"https:\/\/www.hotelroyalsuperga.it\/fr\/reunion-evenements\/\" \/>\n<meta property=\"og:locale\" content=\"fr_FR\" \/>\n<meta property=\"og:type\" content=\"article\" \/>\n<meta property=\"og:title\" content=\"Salle de r\u00e9union pour \u00e9v\u00e9nements et affaires - H\u00f4tel Royal Superga \u00e0 Cuneo\" \/>\n<meta property=\"og:description\" content=\"D\u00e9couvrez la salle de r\u00e9union de l&#039;h\u00f4tel Royal Superga: id\u00e9ale pour vos r\u00e9unions de travail \u00e0 Cuneo et vos \u00e9v\u00e9nements professionnels.\" \/>\n<meta property=\"og:url\" content=\"https:\/\/www.hotelroyalsuperga.it\/fr\/reunion-evenements\/\" \/>\n<meta property=\"og:site_name\" content=\"98395 Hotel Royal Superga\" \/>\n<meta property=\"article:modified_time\" content=\"2026-03-05T10:31:28+00:00\" \/>\n<meta property=\"og:image\" content=\"https:\/\/www.hotelroyalsuperga.it\/wp-content\/uploads\/sites\/231\/2025\/11\/Sala-meeting-1.webp\" \/>\n\t<meta property=\"og:image:width\" content=\"1920\" \/>\n\t<meta property=\"og:image:height\" content=\"1280\" \/>\n\t<meta property=\"og:image:type\" content=\"image\/webp\" \/>\n<meta name=\"twitter:card\" content=\"summary_large_image\" \/>\n<meta name=\"twitter:label1\" content=\"Dur\u00e9e de lecture estim\u00e9e\" \/>\n\t<meta name=\"twitter:data1\" content=\"1 minute\" \/>\n<script type=\"application\/ld+json\" class=\"yoast-schema-graph\">{\"@context\":\"https:\\\/\\\/schema.org\",\"@graph\":[{\"@type\":\"WebPage\",\"@id\":\"https:\\\/\\\/www.hotelroyalsuperga.it\\\/fr\\\/reunion-evenements\\\/\",\"url\":\"https:\\\/\\\/www.hotelroyalsuperga.it\\\/fr\\\/reunion-evenements\\\/\",\"name\":\"Salle de r\u00e9union pour \u00e9v\u00e9nements et affaires - H\u00f4tel Royal Superga \u00e0 Cuneo\",\"isPartOf\":{\"@id\":\"https:\\\/\\\/www.hotelroyalsuperga.it\\\/fr\\\/#website\"},\"primaryImageOfPage\":{\"@id\":\"https:\\\/\\\/www.hotelroyalsuperga.it\\\/fr\\\/reunion-evenements\\\/#primaryimage\"},\"image\":{\"@id\":\"https:\\\/\\\/www.hotelroyalsuperga.it\\\/fr\\\/reunion-evenements\\\/#primaryimage\"},\"thumbnailUrl\":\"https:\\\/\\\/www.hotelroyalsuperga.it\\\/wp-content\\\/uploads\\\/sites\\\/231\\\/2025\\\/11\\\/Sala-meeting-1.webp\",\"datePublished\":\"2025-11-04T11:22:31+00:00\",\"dateModified\":\"2026-03-05T10:31:28+00:00\",\"description\":\"D\u00e9couvrez la salle de r\u00e9union de l'h\u00f4tel Royal Superga: id\u00e9ale pour vos r\u00e9unions de travail \u00e0 Cuneo et vos \u00e9v\u00e9nements professionnels.\",\"breadcrumb\":{\"@id\":\"https:\\\/\\\/www.hotelroyalsuperga.it\\\/fr\\\/reunion-evenements\\\/#breadcrumb\"},\"inLanguage\":\"fr-FR\",\"potentialAction\":[{\"@type\":\"ReadAction\",\"target\":[\"https:\\\/\\\/www.hotelroyalsuperga.it\\\/fr\\\/reunion-evenements\\\/\"]}]},{\"@type\":\"ImageObject\",\"inLanguage\":\"fr-FR\",\"@id\":\"https:\\\/\\\/www.hotelroyalsuperga.it\\\/fr\\\/reunion-evenements\\\/#primaryimage\",\"url\":\"https:\\\/\\\/www.hotelroyalsuperga.it\\\/wp-content\\\/uploads\\\/sites\\\/231\\\/2025\\\/11\\\/Sala-meeting-1.webp\",\"contentUrl\":\"https:\\\/\\\/www.hotelroyalsuperga.it\\\/wp-content\\\/uploads\\\/sites\\\/231\\\/2025\\\/11\\\/Sala-meeting-1.webp\",\"width\":1920,\"height\":1280,\"caption\":\"Meeting Room - Hotel Royal Superga Cuneo\"},{\"@type\":\"BreadcrumbList\",\"@id\":\"https:\\\/\\\/www.hotelroyalsuperga.it\\\/fr\\\/reunion-evenements\\\/#breadcrumb\",\"itemListElement\":[{\"@type\":\"ListItem\",\"position\":1,\"name\":\"Home\",\"item\":\"https:\\\/\\\/www.hotelroyalsuperga.it\\\/fr\\\/\"},{\"@type\":\"ListItem\",\"position\":2,\"name\":\"R\u00e9union &amp; \u00c9v\u00e9nements\"}]},{\"@type\":\"WebSite\",\"@id\":\"https:\\\/\\\/www.hotelroyalsuperga.it\\\/fr\\\/#website\",\"url\":\"https:\\\/\\\/www.hotelroyalsuperga.it\\\/fr\\\/\",\"name\":\"98395 Hotel Royal Superga\",\"description\":\"\",\"publisher\":{\"@id\":\"https:\\\/\\\/www.hotelroyalsuperga.it\\\/fr\\\/#organization\"},\"potentialAction\":[{\"@type\":\"SearchAction\",\"target\":{\"@type\":\"EntryPoint\",\"urlTemplate\":\"https:\\\/\\\/www.hotelroyalsuperga.it\\\/fr\\\/?s={search_term_string}\"},\"query-input\":{\"@type\":\"PropertyValueSpecification\",\"valueRequired\":true,\"valueName\":\"search_term_string\"}}],\"inLanguage\":\"fr-FR\"},{\"@type\":\"Organization\",\"@id\":\"https:\\\/\\\/www.hotelroyalsuperga.it\\\/fr\\\/#organization\",\"name\":\"98395 Hotel Royal Superga\",\"url\":\"https:\\\/\\\/www.hotelroyalsuperga.it\\\/fr\\\/\",\"logo\":{\"@type\":\"ImageObject\",\"inLanguage\":\"fr-FR\",\"@id\":\"https:\\\/\\\/www.hotelroyalsuperga.it\\\/fr\\\/#\\\/schema\\\/logo\\\/image\\\/\",\"url\":\"https:\\\/\\\/www.hotelroyalsuperga.it\\\/wp-content\\\/uploads\\\/sites\\\/231\\\/2024\\\/07\\\/BWPlus.png\",\"contentUrl\":\"https:\\\/\\\/www.hotelroyalsuperga.it\\\/wp-content\\\/uploads\\\/sites\\\/231\\\/2024\\\/07\\\/BWPlus.png\",\"width\":420,\"height\":191,\"caption\":\"98395 Hotel Royal Superga\"},\"image\":{\"@id\":\"https:\\\/\\\/www.hotelroyalsuperga.it\\\/fr\\\/#\\\/schema\\\/logo\\\/image\\\/\"}}]}<\/script>\n<!-- \/ Yoast SEO plugin. -->","yoast_head_json":{"title":"Salle de r\u00e9union pour \u00e9v\u00e9nements et affaires - H\u00f4tel Royal Superga \u00e0 Cuneo","description":"D\u00e9couvrez la salle de r\u00e9union de l'h\u00f4tel Royal Superga: id\u00e9ale pour vos r\u00e9unions de travail \u00e0 Cuneo et vos \u00e9v\u00e9nements professionnels.","robots":{"index":"index","follow":"follow","max-snippet":"max-snippet:-1","max-image-preview":"max-image-preview:large","max-video-preview":"max-video-preview:-1"},"canonical":"https:\/\/www.hotelroyalsuperga.it\/fr\/reunion-evenements\/","og_locale":"fr_FR","og_type":"article","og_title":"Salle de r\u00e9union pour \u00e9v\u00e9nements et affaires - H\u00f4tel Royal Superga \u00e0 Cuneo","og_description":"D\u00e9couvrez la salle de r\u00e9union de l'h\u00f4tel Royal Superga: id\u00e9ale pour vos r\u00e9unions de travail \u00e0 Cuneo et vos \u00e9v\u00e9nements professionnels.","og_url":"https:\/\/www.hotelroyalsuperga.it\/fr\/reunion-evenements\/","og_site_name":"98395 Hotel Royal Superga","article_modified_time":"2026-03-05T10:31:28+00:00","og_image":[{"width":1920,"height":1280,"url":"https:\/\/www.hotelroyalsuperga.it\/wp-content\/uploads\/sites\/231\/2025\/11\/Sala-meeting-1.webp","type":"image\/webp"}],"twitter_card":"summary_large_image","twitter_misc":{"Dur\u00e9e de lecture estim\u00e9e":"1 minute"},"schema":{"@context":"https:\/\/schema.org","@graph":[{"@type":"WebPage","@id":"https:\/\/www.hotelroyalsuperga.it\/fr\/reunion-evenements\/","url":"https:\/\/www.hotelroyalsuperga.it\/fr\/reunion-evenements\/","name":"Salle de r\u00e9union pour \u00e9v\u00e9nements et affaires - H\u00f4tel Royal Superga \u00e0 Cuneo","isPartOf":{"@id":"https:\/\/www.hotelroyalsuperga.it\/fr\/#website"},"primaryImageOfPage":{"@id":"https:\/\/www.hotelroyalsuperga.it\/fr\/reunion-evenements\/#primaryimage"},"image":{"@id":"https:\/\/www.hotelroyalsuperga.it\/fr\/reunion-evenements\/#primaryimage"},"thumbnailUrl":"https:\/\/www.hotelroyalsuperga.it\/wp-content\/uploads\/sites\/231\/2025\/11\/Sala-meeting-1.webp","datePublished":"2025-11-04T11:22:31+00:00","dateModified":"2026-03-05T10:31:28+00:00","description":"D\u00e9couvrez la salle de r\u00e9union de l'h\u00f4tel Royal Superga: id\u00e9ale pour vos r\u00e9unions de travail \u00e0 Cuneo et vos \u00e9v\u00e9nements professionnels.","breadcrumb":{"@id":"https:\/\/www.hotelroyalsuperga.it\/fr\/reunion-evenements\/#breadcrumb"},"inLanguage":"fr-FR","potentialAction":[{"@type":"ReadAction","target":["https:\/\/www.hotelroyalsuperga.it\/fr\/reunion-evenements\/"]}]},{"@type":"ImageObject","inLanguage":"fr-FR","@id":"https:\/\/www.hotelroyalsuperga.it\/fr\/reunion-evenements\/#primaryimage","url":"https:\/\/www.hotelroyalsuperga.it\/wp-content\/uploads\/sites\/231\/2025\/11\/Sala-meeting-1.webp","contentUrl":"https:\/\/www.hotelroyalsuperga.it\/wp-content\/uploads\/sites\/231\/2025\/11\/Sala-meeting-1.webp","width":1920,"height":1280,"caption":"Meeting Room - Hotel Royal Superga Cuneo"},{"@type":"BreadcrumbList","@id":"https:\/\/www.hotelroyalsuperga.it\/fr\/reunion-evenements\/#breadcrumb","itemListElement":[{"@type":"ListItem","position":1,"name":"Home","item":"https:\/\/www.hotelroyalsuperga.it\/fr\/"},{"@type":"ListItem","position":2,"name":"R\u00e9union &amp; \u00c9v\u00e9nements"}]},{"@type":"WebSite","@id":"https:\/\/www.hotelroyalsuperga.it\/fr\/#website","url":"https:\/\/www.hotelroyalsuperga.it\/fr\/","name":"98395 Hotel Royal Superga","description":"","publisher":{"@id":"https:\/\/www.hotelroyalsuperga.it\/fr\/#organization"},"potentialAction":[{"@type":"SearchAction","target":{"@type":"EntryPoint","urlTemplate":"https:\/\/www.hotelroyalsuperga.it\/fr\/?s={search_term_string}"},"query-input":{"@type":"PropertyValueSpecification","valueRequired":true,"valueName":"search_term_string"}}],"inLanguage":"fr-FR"},{"@type":"Organization","@id":"https:\/\/www.hotelroyalsuperga.it\/fr\/#organization","name":"98395 Hotel Royal Superga","url":"https:\/\/www.hotelroyalsuperga.it\/fr\/","logo":{"@type":"ImageObject","inLanguage":"fr-FR","@id":"https:\/\/www.hotelroyalsuperga.it\/fr\/#\/schema\/logo\/image\/","url":"https:\/\/www.hotelroyalsuperga.it\/wp-content\/uploads\/sites\/231\/2024\/07\/BWPlus.png","contentUrl":"https:\/\/www.hotelroyalsuperga.it\/wp-content\/uploads\/sites\/231\/2024\/07\/BWPlus.png","width":420,"height":191,"caption":"98395 Hotel Royal Superga"},"image":{"@id":"https:\/\/www.hotelroyalsuperga.it\/fr\/#\/schema\/logo\/image\/"}}]}},"_links":{"self":[{"href":"https:\/\/www.hotelroyalsuperga.it\/fr\/wp-json\/wp\/v2\/pages\/2747","targetHints":{"allow":["GET"]}}],"collection":[{"href":"https:\/\/www.hotelroyalsuperga.it\/fr\/wp-json\/wp\/v2\/pages"}],"about":[{"href":"https:\/\/www.hotelroyalsuperga.it\/fr\/wp-json\/wp\/v2\/types\/page"}],"author":[{"embeddable":true,"href":"https:\/\/www.hotelroyalsuperga.it\/fr\/wp-json\/wp\/v2\/users\/6"}],"replies":[{"embeddable":true,"href":"https:\/\/www.hotelroyalsuperga.it\/fr\/wp-json\/wp\/v2\/comments?post=2747"}],"version-history":[{"count":3,"href":"https:\/\/www.hotelroyalsuperga.it\/fr\/wp-json\/wp\/v2\/pages\/2747\/revisions"}],"predecessor-version":[{"id":3025,"href":"https:\/\/www.hotelroyalsuperga.it\/fr\/wp-json\/wp\/v2\/pages\/2747\/revisions\/3025"}],"wp:featuredmedia":[{"embeddable":true,"href":"https:\/\/www.hotelroyalsuperga.it\/fr\/wp-json\/wp\/v2\/media\/2748"}],"wp:attachment":[{"href":"https:\/\/www.hotelroyalsuperga.it\/fr\/wp-json\/wp\/v2\/media?parent=2747"}],"curies":[{"name":"wp","href":"https:\/\/api.w.org\/{rel}","templated":true}]}}