{"id":2668,"date":"2024-07-02T16:56:01","date_gmt":"2024-07-02T14:56:01","guid":{"rendered":"https:\/\/98395-hotelroyalsuperga.tempwebsite.it\/experience-offres\/"},"modified":"2026-01-21T14:09:37","modified_gmt":"2026-01-21T13:09:37","slug":"experience-offres","status":"publish","type":"page","link":"https:\/\/www.hotelroyalsuperga.it\/fr\/experience-offres\/","title":{"rendered":"Exp\u00e9rience &amp; Offres"},"content":{"rendered":"\t\t<div data-elementor-type=\"wp-page\" data-elementor-id=\"2668\" class=\"elementor elementor-2668 elementor-960\" data-elementor-post-type=\"page\">\n\t\t\t\t<div class=\"elementor-element elementor-element-f81023a e-flex e-con-boxed e-con e-parent\" data-id=\"f81023a\" data-element_type=\"container\" data-e-type=\"container\" data-settings=\"{&quot;background_background&quot;:&quot;classic&quot;}\">\n\t\t\t\t\t<div class=\"e-con-inner\">\n\t\t\t\t<div class=\"elementor-element elementor-element-fe711f4 elementor-widget elementor-widget-heading\" data-id=\"fe711f4\" data-element_type=\"widget\" data-e-type=\"widget\" data-widget_type=\"heading.default\">\n\t\t\t\t\t<h1 class=\"elementor-heading-title elementor-size-default\">Exp\u00e9rience &amp; Offres<\/h1>\t\t\t\t<\/div>\n\t\t\t\t\t<\/div>\n\t\t\t\t<\/div>\n\t\t<div class=\"elementor-element elementor-element-e06d2e7 e-flex e-con-boxed e-con e-parent\" data-id=\"e06d2e7\" data-element_type=\"container\" data-e-type=\"container\">\n\t\t\t\t\t<div class=\"e-con-inner\">\n\t\t\t\t<div class=\"elementor-element elementor-element-19f68db e-transform elementor-widget-divider--view-line elementor-invisible elementor-widget elementor-widget-divider\" data-id=\"19f68db\" data-element_type=\"widget\" data-e-type=\"widget\" data-settings=\"{&quot;_transform_rotateZ_effect&quot;:{&quot;unit&quot;:&quot;px&quot;,&quot;size&quot;:90,&quot;sizes&quot;:[]},&quot;_animation&quot;:&quot;fadeInDown&quot;,&quot;_animation_tablet&quot;:&quot;none&quot;,&quot;_transform_rotateZ_effect_tablet&quot;:{&quot;unit&quot;:&quot;deg&quot;,&quot;size&quot;:&quot;&quot;,&quot;sizes&quot;:[]},&quot;_transform_rotateZ_effect_mobile&quot;:{&quot;unit&quot;:&quot;deg&quot;,&quot;size&quot;:&quot;&quot;,&quot;sizes&quot;:[]}}\" data-widget_type=\"divider.default\">\n\t\t\t\t\t\t\t<div class=\"elementor-divider\">\n\t\t\t<span class=\"elementor-divider-separator\">\n\t\t\t\t\t\t<\/span>\n\t\t<\/div>\n\t\t\t\t\t\t<\/div>\n\t\t<div class=\"elementor-element elementor-element-d03a925 e-con-full e-flex e-con e-child\" data-id=\"d03a925\" data-element_type=\"container\" data-e-type=\"container\">\n\t\t\t\t<div class=\"elementor-element elementor-element-5048733 elementor-widget elementor-widget-heading\" data-id=\"5048733\" data-element_type=\"widget\" data-e-type=\"widget\" data-widget_type=\"heading.default\">\n\t\t\t\t\t<span class=\"elementor-heading-title elementor-size-default\">Exp\u00e9riences sp\u00e9ciales pour vous<\/span>\t\t\t\t<\/div>\n\t\t\t\t<div class=\"elementor-element elementor-element-1d09793 elementor-widget elementor-widget-heading\" data-id=\"1d09793\" data-element_type=\"widget\" data-e-type=\"widget\" data-widget_type=\"heading.default\">\n\t\t\t\t\t<h2 class=\"elementor-heading-title elementor-size-default\">Le mieux de Cuneo: \u00e9motions \u00e0 ressentir<\/h2>\t\t\t\t<\/div>\n\t\t\t\t<div class=\"elementor-element elementor-element-7557f87 elementor-widget elementor-widget-text-editor\" data-id=\"7557f87\" data-element_type=\"widget\" data-e-type=\"widget\" data-widget_type=\"text-editor.default\">\n\t\t\t\t\t\t\t\t\t<p>D\u00e9couvrez le plaisir de vivre la ville avec <strong>les exp\u00e9riences sp\u00e9ciales de l\u2019Hotel Royal Superga<\/strong>, au c\u0153ur de Cuneo. Accordez-vous des moments de d\u00e9tente et saveurs avec les forfaits qu\u2019on a pens\u00e9 pour vous, vos amis et en couple: de <strong>l\u2019ap\u00e9ritif avec vue <\/strong>aux<strong> chambres day use avec acc\u00e8s au private SPA<\/strong>, jusqu\u2019\u00e0 nos propositions gourmet comme le brunch ou champagne dans la chambre. <\/p><p>Laissez-vous inspirer et choisissez la formule qui rendra votre journ\u00e9e inoubliable. L\u2019Hotel Royal Superga vous offre confort, \u00e9l\u00e9gance et <strong>services exclusifs au c\u0153ur de la ville<\/strong>. <\/p><p>R\u00e9servez votre forfait d\u00e8s maintenant et venez d\u00e9couvrir Cuneo!<\/p>\t\t\t\t\t\t\t\t<\/div>\n\t\t\t\t<\/div>\n\t\t\t\t\t<\/div>\n\t\t\t\t<\/div>\n\t\t<div class=\"elementor-element elementor-element-65cbb94 e-flex e-con-boxed e-con e-parent\" data-id=\"65cbb94\" data-element_type=\"container\" data-e-type=\"container\">\n\t\t\t\t\t<div class=\"e-con-inner\">\n\t\t<div class=\"elementor-element elementor-element-f603498 e-con-full e-flex e-con e-child\" data-id=\"f603498\" data-element_type=\"container\" data-e-type=\"container\">\n\t\t\t\t<\/div>\n\t\t\t\t\t<\/div>\n\t\t\t\t<\/div>\n\t\t<div class=\"elementor-element elementor-element-5dc97eb e-flex e-con-boxed e-con e-parent\" data-id=\"5dc97eb\" data-element_type=\"container\" data-e-type=\"container\" data-settings=\"{&quot;background_background&quot;:&quot;classic&quot;}\">\n\t\t\t\t\t<div class=\"e-con-inner\">\n\t\t<div class=\"elementor-element elementor-element-74f648b e-con-full e-flex e-con e-child\" data-id=\"74f648b\" data-element_type=\"container\" data-e-type=\"container\">\n\t\t\t\t<div class=\"elementor-element elementor-element-f8723ff elementor-widget elementor-widget-heading\" data-id=\"f8723ff\" data-element_type=\"widget\" data-e-type=\"widget\" data-widget_type=\"heading.default\">\n\t\t\t\t\t<span class=\"elementor-heading-title elementor-size-default\">\u00c9conomisez avec nous<\/span>\t\t\t\t<\/div>\n\t\t\t\t<div class=\"elementor-element elementor-element-eac02ec elementor-widget elementor-widget-heading\" data-id=\"eac02ec\" data-element_type=\"widget\" data-e-type=\"widget\" data-widget_type=\"heading.default\">\n\t\t\t\t\t<h2 class=\"elementor-heading-title elementor-size-default\">Nos offres<\/h2>\t\t\t\t<\/div>\n\t\t\t\t<div class=\"elementor-element elementor-element-857c152 elementor-widget elementor-widget-text-editor\" data-id=\"857c152\" data-element_type=\"widget\" data-e-type=\"widget\" data-widget_type=\"text-editor.default\">\n\t\t\t\t\t\t\t\t\t<p>Choisissez l\u2019offre la plus adapt\u00e9e \u00e0 vos besoins lors de votre s\u00e9jour: notre <strong>h\u00f4tel \u00e0 Cuneo<\/strong> met \u00e0 disposition une gamme d\u2019<strong>offres et promotions<\/strong> qui vous permettrons d\u2019<strong>\u00e9conomiser jusqu\u2019au 30% sur le meilleur tarif flexible<\/strong>!<\/p>\t\t\t\t\t\t\t\t<\/div>\n\t\t\t\t<\/div>\n\t\t\t\t\t<\/div>\n\t\t\t\t<\/div>\n\t\t<div class=\"elementor-element elementor-element-5c4ef4a e-flex e-con-boxed e-con e-parent\" data-id=\"5c4ef4a\" data-element_type=\"container\" data-e-type=\"container\" data-settings=\"{&quot;background_background&quot;:&quot;classic&quot;}\">\n\t\t\t\t\t<div class=\"e-con-inner\">\n\t\t<div class=\"elementor-element elementor-element-c1de597 e-con-full e-flex e-con e-child\" data-id=\"c1de597\" data-element_type=\"container\" data-e-type=\"container\">\n\t\t\t\t<\/div>\n\t\t\t\t\t<\/div>\n\t\t\t\t<\/div>\n\t\t\t\t<\/div>\n\t\t","protected":false},"excerpt":{"rendered":"<p>Exp\u00e9rience &amp; Offres Exp\u00e9riences sp\u00e9ciales pour vous Le mieux de Cuneo: \u00e9motions \u00e0 ressentir D\u00e9couvrez le plaisir de vivre la ville avec les exp\u00e9riences sp\u00e9ciales de l\u2019Hotel Royal Superga, au c\u0153ur de Cuneo. Accordez-vous des moments de d\u00e9tente et saveurs avec les forfaits qu\u2019on a pens\u00e9 pour vous, vos amis et en couple: de l\u2019ap\u00e9ritif [&hellip;]<\/p>\n","protected":false},"author":1,"featured_media":2670,"parent":0,"menu_order":0,"comment_status":"closed","ping_status":"closed","template":"","meta":{"footnotes":""},"class_list":["post-2668","page","type-page","status-publish","has-post-thumbnail","hentry"],"yoast_head":"<!-- This site is optimized with the Yoast SEO plugin v27.3 - https:\/\/yoast.com\/product\/yoast-seo-wordpress\/ -->\n<title>Offres sp\u00e9ciales et promotions - H\u00f4tel Royal Superga Cuneo centre<\/title>\n<meta name=\"description\" content=\"Offres sp\u00e9ciales, forfaits et promotions d\u00e9di\u00e9s \u00e0 votre s\u00e9jour dans notre h\u00f4tel 4 \u00e9toiles au centre de Cuneo. D\u00e9couvrez les offres et r\u00e9servez: nous vous attendons !\" \/>\n<meta name=\"robots\" content=\"index, follow, max-snippet:-1, max-image-preview:large, max-video-preview:-1\" \/>\n<link rel=\"canonical\" href=\"https:\/\/www.hotelroyalsuperga.it\/fr\/experience-offres\/\" \/>\n<meta property=\"og:locale\" content=\"fr_FR\" \/>\n<meta property=\"og:type\" content=\"article\" \/>\n<meta property=\"og:title\" content=\"Offres sp\u00e9ciales et promotions - H\u00f4tel Royal Superga Cuneo centre\" \/>\n<meta property=\"og:description\" content=\"Offres sp\u00e9ciales, forfaits et promotions d\u00e9di\u00e9s \u00e0 votre s\u00e9jour dans notre h\u00f4tel 4 \u00e9toiles au centre de Cuneo. D\u00e9couvrez les offres et r\u00e9servez: nous vous attendons !\" \/>\n<meta property=\"og:url\" content=\"https:\/\/www.hotelroyalsuperga.it\/fr\/experience-offres\/\" \/>\n<meta property=\"og:site_name\" content=\"98395 Hotel Royal Superga\" \/>\n<meta property=\"article:modified_time\" content=\"2026-01-21T13:09:37+00:00\" \/>\n<meta property=\"og:image\" content=\"https:\/\/www.hotelroyalsuperga.it\/wp-content\/uploads\/sites\/231\/2025\/10\/offerte-cuneo-2.webp\" \/>\n\t<meta property=\"og:image:width\" content=\"1920\" \/>\n\t<meta property=\"og:image:height\" content=\"1280\" \/>\n\t<meta property=\"og:image:type\" content=\"image\/webp\" \/>\n<meta name=\"twitter:card\" content=\"summary_large_image\" \/>\n<meta name=\"twitter:label1\" content=\"Dur\u00e9e de lecture estim\u00e9e\" \/>\n\t<meta name=\"twitter:data1\" content=\"1 minute\" \/>\n<script type=\"application\/ld+json\" class=\"yoast-schema-graph\">{\"@context\":\"https:\\\/\\\/schema.org\",\"@graph\":[{\"@type\":\"WebPage\",\"@id\":\"https:\\\/\\\/www.hotelroyalsuperga.it\\\/fr\\\/experience-offres\\\/\",\"url\":\"https:\\\/\\\/www.hotelroyalsuperga.it\\\/fr\\\/experience-offres\\\/\",\"name\":\"Offres sp\u00e9ciales et promotions - H\u00f4tel Royal Superga Cuneo centre\",\"isPartOf\":{\"@id\":\"https:\\\/\\\/www.hotelroyalsuperga.it\\\/fr\\\/#website\"},\"primaryImageOfPage\":{\"@id\":\"https:\\\/\\\/www.hotelroyalsuperga.it\\\/fr\\\/experience-offres\\\/#primaryimage\"},\"image\":{\"@id\":\"https:\\\/\\\/www.hotelroyalsuperga.it\\\/fr\\\/experience-offres\\\/#primaryimage\"},\"thumbnailUrl\":\"https:\\\/\\\/www.hotelroyalsuperga.it\\\/wp-content\\\/uploads\\\/sites\\\/231\\\/2025\\\/10\\\/offerte-cuneo-2.webp\",\"datePublished\":\"2024-07-02T14:56:01+00:00\",\"dateModified\":\"2026-01-21T13:09:37+00:00\",\"description\":\"Offres sp\u00e9ciales, forfaits et promotions d\u00e9di\u00e9s \u00e0 votre s\u00e9jour dans notre h\u00f4tel 4 \u00e9toiles au centre de Cuneo. D\u00e9couvrez les offres et r\u00e9servez: nous vous attendons !\",\"breadcrumb\":{\"@id\":\"https:\\\/\\\/www.hotelroyalsuperga.it\\\/fr\\\/experience-offres\\\/#breadcrumb\"},\"inLanguage\":\"fr-FR\",\"potentialAction\":[{\"@type\":\"ReadAction\",\"target\":[\"https:\\\/\\\/www.hotelroyalsuperga.it\\\/fr\\\/experience-offres\\\/\"]}]},{\"@type\":\"ImageObject\",\"inLanguage\":\"fr-FR\",\"@id\":\"https:\\\/\\\/www.hotelroyalsuperga.it\\\/fr\\\/experience-offres\\\/#primaryimage\",\"url\":\"https:\\\/\\\/www.hotelroyalsuperga.it\\\/wp-content\\\/uploads\\\/sites\\\/231\\\/2025\\\/10\\\/offerte-cuneo-2.webp\",\"contentUrl\":\"https:\\\/\\\/www.hotelroyalsuperga.it\\\/wp-content\\\/uploads\\\/sites\\\/231\\\/2025\\\/10\\\/offerte-cuneo-2.webp\",\"width\":1920,\"height\":1280,\"caption\":\"Offers - Hotel Royal Superga Cuneo\"},{\"@type\":\"BreadcrumbList\",\"@id\":\"https:\\\/\\\/www.hotelroyalsuperga.it\\\/fr\\\/experience-offres\\\/#breadcrumb\",\"itemListElement\":[{\"@type\":\"ListItem\",\"position\":1,\"name\":\"Home\",\"item\":\"https:\\\/\\\/www.hotelroyalsuperga.it\\\/fr\\\/\"},{\"@type\":\"ListItem\",\"position\":2,\"name\":\"Exp\u00e9rience &amp; Offres\"}]},{\"@type\":\"WebSite\",\"@id\":\"https:\\\/\\\/www.hotelroyalsuperga.it\\\/fr\\\/#website\",\"url\":\"https:\\\/\\\/www.hotelroyalsuperga.it\\\/fr\\\/\",\"name\":\"98395 Hotel Royal Superga\",\"description\":\"\",\"publisher\":{\"@id\":\"https:\\\/\\\/www.hotelroyalsuperga.it\\\/fr\\\/#organization\"},\"potentialAction\":[{\"@type\":\"SearchAction\",\"target\":{\"@type\":\"EntryPoint\",\"urlTemplate\":\"https:\\\/\\\/www.hotelroyalsuperga.it\\\/fr\\\/?s={search_term_string}\"},\"query-input\":{\"@type\":\"PropertyValueSpecification\",\"valueRequired\":true,\"valueName\":\"search_term_string\"}}],\"inLanguage\":\"fr-FR\"},{\"@type\":\"Organization\",\"@id\":\"https:\\\/\\\/www.hotelroyalsuperga.it\\\/fr\\\/#organization\",\"name\":\"98395 Hotel Royal Superga\",\"url\":\"https:\\\/\\\/www.hotelroyalsuperga.it\\\/fr\\\/\",\"logo\":{\"@type\":\"ImageObject\",\"inLanguage\":\"fr-FR\",\"@id\":\"https:\\\/\\\/www.hotelroyalsuperga.it\\\/fr\\\/#\\\/schema\\\/logo\\\/image\\\/\",\"url\":\"https:\\\/\\\/www.hotelroyalsuperga.it\\\/wp-content\\\/uploads\\\/sites\\\/231\\\/2024\\\/07\\\/BWPlus.png\",\"contentUrl\":\"https:\\\/\\\/www.hotelroyalsuperga.it\\\/wp-content\\\/uploads\\\/sites\\\/231\\\/2024\\\/07\\\/BWPlus.png\",\"width\":420,\"height\":191,\"caption\":\"98395 Hotel Royal Superga\"},\"image\":{\"@id\":\"https:\\\/\\\/www.hotelroyalsuperga.it\\\/fr\\\/#\\\/schema\\\/logo\\\/image\\\/\"}}]}<\/script>\n<!-- \/ Yoast SEO plugin. -->","yoast_head_json":{"title":"Offres sp\u00e9ciales et promotions - H\u00f4tel Royal Superga Cuneo centre","description":"Offres sp\u00e9ciales, forfaits et promotions d\u00e9di\u00e9s \u00e0 votre s\u00e9jour dans notre h\u00f4tel 4 \u00e9toiles au centre de Cuneo. D\u00e9couvrez les offres et r\u00e9servez: nous vous attendons !","robots":{"index":"index","follow":"follow","max-snippet":"max-snippet:-1","max-image-preview":"max-image-preview:large","max-video-preview":"max-video-preview:-1"},"canonical":"https:\/\/www.hotelroyalsuperga.it\/fr\/experience-offres\/","og_locale":"fr_FR","og_type":"article","og_title":"Offres sp\u00e9ciales et promotions - H\u00f4tel Royal Superga Cuneo centre","og_description":"Offres sp\u00e9ciales, forfaits et promotions d\u00e9di\u00e9s \u00e0 votre s\u00e9jour dans notre h\u00f4tel 4 \u00e9toiles au centre de Cuneo. D\u00e9couvrez les offres et r\u00e9servez: nous vous attendons !","og_url":"https:\/\/www.hotelroyalsuperga.it\/fr\/experience-offres\/","og_site_name":"98395 Hotel Royal Superga","article_modified_time":"2026-01-21T13:09:37+00:00","og_image":[{"width":1920,"height":1280,"url":"https:\/\/www.hotelroyalsuperga.it\/wp-content\/uploads\/sites\/231\/2025\/10\/offerte-cuneo-2.webp","type":"image\/webp"}],"twitter_card":"summary_large_image","twitter_misc":{"Dur\u00e9e de lecture estim\u00e9e":"1 minute"},"schema":{"@context":"https:\/\/schema.org","@graph":[{"@type":"WebPage","@id":"https:\/\/www.hotelroyalsuperga.it\/fr\/experience-offres\/","url":"https:\/\/www.hotelroyalsuperga.it\/fr\/experience-offres\/","name":"Offres sp\u00e9ciales et promotions - H\u00f4tel Royal Superga Cuneo centre","isPartOf":{"@id":"https:\/\/www.hotelroyalsuperga.it\/fr\/#website"},"primaryImageOfPage":{"@id":"https:\/\/www.hotelroyalsuperga.it\/fr\/experience-offres\/#primaryimage"},"image":{"@id":"https:\/\/www.hotelroyalsuperga.it\/fr\/experience-offres\/#primaryimage"},"thumbnailUrl":"https:\/\/www.hotelroyalsuperga.it\/wp-content\/uploads\/sites\/231\/2025\/10\/offerte-cuneo-2.webp","datePublished":"2024-07-02T14:56:01+00:00","dateModified":"2026-01-21T13:09:37+00:00","description":"Offres sp\u00e9ciales, forfaits et promotions d\u00e9di\u00e9s \u00e0 votre s\u00e9jour dans notre h\u00f4tel 4 \u00e9toiles au centre de Cuneo. D\u00e9couvrez les offres et r\u00e9servez: nous vous attendons !","breadcrumb":{"@id":"https:\/\/www.hotelroyalsuperga.it\/fr\/experience-offres\/#breadcrumb"},"inLanguage":"fr-FR","potentialAction":[{"@type":"ReadAction","target":["https:\/\/www.hotelroyalsuperga.it\/fr\/experience-offres\/"]}]},{"@type":"ImageObject","inLanguage":"fr-FR","@id":"https:\/\/www.hotelroyalsuperga.it\/fr\/experience-offres\/#primaryimage","url":"https:\/\/www.hotelroyalsuperga.it\/wp-content\/uploads\/sites\/231\/2025\/10\/offerte-cuneo-2.webp","contentUrl":"https:\/\/www.hotelroyalsuperga.it\/wp-content\/uploads\/sites\/231\/2025\/10\/offerte-cuneo-2.webp","width":1920,"height":1280,"caption":"Offers - Hotel Royal Superga Cuneo"},{"@type":"BreadcrumbList","@id":"https:\/\/www.hotelroyalsuperga.it\/fr\/experience-offres\/#breadcrumb","itemListElement":[{"@type":"ListItem","position":1,"name":"Home","item":"https:\/\/www.hotelroyalsuperga.it\/fr\/"},{"@type":"ListItem","position":2,"name":"Exp\u00e9rience &amp; Offres"}]},{"@type":"WebSite","@id":"https:\/\/www.hotelroyalsuperga.it\/fr\/#website","url":"https:\/\/www.hotelroyalsuperga.it\/fr\/","name":"98395 Hotel Royal Superga","description":"","publisher":{"@id":"https:\/\/www.hotelroyalsuperga.it\/fr\/#organization"},"potentialAction":[{"@type":"SearchAction","target":{"@type":"EntryPoint","urlTemplate":"https:\/\/www.hotelroyalsuperga.it\/fr\/?s={search_term_string}"},"query-input":{"@type":"PropertyValueSpecification","valueRequired":true,"valueName":"search_term_string"}}],"inLanguage":"fr-FR"},{"@type":"Organization","@id":"https:\/\/www.hotelroyalsuperga.it\/fr\/#organization","name":"98395 Hotel Royal Superga","url":"https:\/\/www.hotelroyalsuperga.it\/fr\/","logo":{"@type":"ImageObject","inLanguage":"fr-FR","@id":"https:\/\/www.hotelroyalsuperga.it\/fr\/#\/schema\/logo\/image\/","url":"https:\/\/www.hotelroyalsuperga.it\/wp-content\/uploads\/sites\/231\/2024\/07\/BWPlus.png","contentUrl":"https:\/\/www.hotelroyalsuperga.it\/wp-content\/uploads\/sites\/231\/2024\/07\/BWPlus.png","width":420,"height":191,"caption":"98395 Hotel Royal Superga"},"image":{"@id":"https:\/\/www.hotelroyalsuperga.it\/fr\/#\/schema\/logo\/image\/"}}]}},"_links":{"self":[{"href":"https:\/\/www.hotelroyalsuperga.it\/fr\/wp-json\/wp\/v2\/pages\/2668","targetHints":{"allow":["GET"]}}],"collection":[{"href":"https:\/\/www.hotelroyalsuperga.it\/fr\/wp-json\/wp\/v2\/pages"}],"about":[{"href":"https:\/\/www.hotelroyalsuperga.it\/fr\/wp-json\/wp\/v2\/types\/page"}],"author":[{"embeddable":true,"href":"https:\/\/www.hotelroyalsuperga.it\/fr\/wp-json\/wp\/v2\/users\/1"}],"replies":[{"embeddable":true,"href":"https:\/\/www.hotelroyalsuperga.it\/fr\/wp-json\/wp\/v2\/comments?post=2668"}],"version-history":[{"count":1,"href":"https:\/\/www.hotelroyalsuperga.it\/fr\/wp-json\/wp\/v2\/pages\/2668\/revisions"}],"predecessor-version":[{"id":2671,"href":"https:\/\/www.hotelroyalsuperga.it\/fr\/wp-json\/wp\/v2\/pages\/2668\/revisions\/2671"}],"wp:featuredmedia":[{"embeddable":true,"href":"https:\/\/www.hotelroyalsuperga.it\/fr\/wp-json\/wp\/v2\/media\/2670"}],"wp:attachment":[{"href":"https:\/\/www.hotelroyalsuperga.it\/fr\/wp-json\/wp\/v2\/media?parent=2668"}],"curies":[{"name":"wp","href":"https:\/\/api.w.org\/{rel}","templated":true}]}}