{"id":2665,"date":"2025-10-13T14:24:49","date_gmt":"2025-10-13T12:24:49","guid":{"rendered":"https:\/\/98395-hotelroyalsuperga.tempwebsite.it\/contacts-localisation\/"},"modified":"2026-01-22T11:18:12","modified_gmt":"2026-01-22T10:18:12","slug":"contacts-localisation","status":"publish","type":"page","link":"https:\/\/www.hotelroyalsuperga.it\/fr\/contacts-localisation\/","title":{"rendered":"Contacts &amp; Location"},"content":{"rendered":"\t\t<div data-elementor-type=\"wp-page\" data-elementor-id=\"2665\" class=\"elementor elementor-2665 elementor-1788\" data-elementor-post-type=\"page\">\n\t\t\t\t<div class=\"elementor-element elementor-element-0103004 e-flex e-con-boxed e-con e-parent\" data-id=\"0103004\" data-element_type=\"container\" data-e-type=\"container\" data-settings=\"{&quot;background_background&quot;:&quot;classic&quot;}\">\n\t\t\t\t\t<div class=\"e-con-inner\">\n\t\t\t\t<div class=\"elementor-element elementor-element-77e48e7 elementor-widget elementor-widget-heading\" data-id=\"77e48e7\" data-element_type=\"widget\" data-e-type=\"widget\" data-widget_type=\"heading.default\">\n\t\t\t\t\t<h1 class=\"elementor-heading-title elementor-size-default\">Contacts &amp; Location<\/h1>\t\t\t\t<\/div>\n\t\t\t\t\t<\/div>\n\t\t\t\t<\/div>\n\t\t<div class=\"elementor-element elementor-element-11b8230 e-flex e-con-boxed e-con e-parent\" data-id=\"11b8230\" data-element_type=\"container\" data-e-type=\"container\">\n\t\t\t\t\t<div class=\"e-con-inner\">\n\t\t\t\t<div class=\"elementor-element elementor-element-509c44d e-transform elementor-widget-divider--view-line elementor-invisible elementor-widget elementor-widget-divider\" data-id=\"509c44d\" data-element_type=\"widget\" data-e-type=\"widget\" data-settings=\"{&quot;_transform_rotateZ_effect&quot;:{&quot;unit&quot;:&quot;px&quot;,&quot;size&quot;:90,&quot;sizes&quot;:[]},&quot;_animation&quot;:&quot;fadeInDown&quot;,&quot;_animation_tablet&quot;:&quot;none&quot;,&quot;_transform_rotateZ_effect_tablet&quot;:{&quot;unit&quot;:&quot;deg&quot;,&quot;size&quot;:&quot;&quot;,&quot;sizes&quot;:[]},&quot;_transform_rotateZ_effect_mobile&quot;:{&quot;unit&quot;:&quot;deg&quot;,&quot;size&quot;:&quot;&quot;,&quot;sizes&quot;:[]}}\" data-widget_type=\"divider.default\">\n\t\t\t\t\t\t\t<div class=\"elementor-divider\">\n\t\t\t<span class=\"elementor-divider-separator\">\n\t\t\t\t\t\t<\/span>\n\t\t<\/div>\n\t\t\t\t\t\t<\/div>\n\t\t<div class=\"elementor-element elementor-element-74f8e46 e-con-full e-flex e-con e-child\" data-id=\"74f8e46\" data-element_type=\"container\" data-e-type=\"container\">\n\t\t\t\t<div class=\"elementor-element elementor-element-ccc4c61 elementor-widget elementor-widget-heading\" data-id=\"ccc4c61\" data-element_type=\"widget\" data-e-type=\"widget\" data-widget_type=\"heading.default\">\n\t\t\t\t\t<span class=\"elementor-heading-title elementor-size-default\">Contactez-nous, nous sommes \u00e0 votre disposition<\/span>\t\t\t\t<\/div>\n\t\t\t\t<div class=\"elementor-element elementor-element-7a8d0ce elementor-widget elementor-widget-heading\" data-id=\"7a8d0ce\" data-element_type=\"widget\" data-e-type=\"widget\" data-widget_type=\"heading.default\">\n\t\t\t\t\t<h2 class=\"elementor-heading-title elementor-size-default\">Hotel Royal Superga 4 \u00e9toiles<\/h2>\t\t\t\t<\/div>\n\t\t\t\t<div class=\"elementor-element elementor-element-f1ef168 elementor-widget elementor-widget-text-editor\" data-id=\"f1ef168\" data-element_type=\"widget\" data-e-type=\"widget\" data-widget_type=\"text-editor.default\">\n\t\t\t\t\t\t\t\t\t<p><strong>T\u00e9l<\/strong>: <a href=\"tel:+390171693223\">0171 693223<\/a><br><strong>Fax<\/strong>: 0171 699101<br><strong>Email<\/strong>: <a href=\"mailto:superga.cn@bestwestern.it\">superga.cn@bestwestern.it<\/a><\/p>\t\t\t\t\t\t\t\t<\/div>\n\t\t\t\t<\/div>\n\t\t\t\t\t<\/div>\n\t\t\t\t<\/div>\n\t\t<div class=\"elementor-element elementor-element-71b6fe2 e-flex e-con-boxed e-con e-parent\" data-id=\"71b6fe2\" data-element_type=\"container\" data-e-type=\"container\">\n\t\t\t\t\t<div class=\"e-con-inner\">\n\t\t<div class=\"elementor-element elementor-element-a5146eb e-con-full e-flex e-con e-child\" data-id=\"a5146eb\" data-element_type=\"container\" data-e-type=\"container\">\n\t\t\t\t<div class=\"elementor-element elementor-element-04b2944 elementor-widget elementor-widget-google_maps\" data-id=\"04b2944\" data-element_type=\"widget\" data-e-type=\"widget\" data-widget_type=\"google_maps.default\">\n\t\t\t\t\t\t\t<div class=\"elementor-custom-embed\">\n\t\t\t<iframe loading=\"lazy\"\n\t\t\t\t\tsrc=\"https:\/\/maps.google.com\/maps?q=Best%20Western%20Plus%20Hotel%20Royal%20Superga%20Via%2C%20Piazza%20Galimberti%204%2C%2012100%2C%20Cuneo%20%28CN%29&#038;t=m&#038;z=13&#038;output=embed&#038;iwloc=near\"\n\t\t\t\t\ttitle=\"Best Western Plus Hotel Royal Superga Via, Piazza Galimberti 4, 12100, Cuneo (CN)\"\n\t\t\t\t\taria-label=\"Best Western Plus Hotel Royal Superga Via, Piazza Galimberti 4, 12100, Cuneo (CN)\"\n\t\t\t><\/iframe>\n\t\t<\/div>\n\t\t\t\t\t\t<\/div>\n\t\t\t\t<div class=\"elementor-element elementor-element-d5dc6d3 e-transform elementor-widget-divider--view-line elementor-invisible elementor-widget elementor-widget-divider\" data-id=\"d5dc6d3\" data-element_type=\"widget\" data-e-type=\"widget\" data-settings=\"{&quot;_transform_rotateZ_effect&quot;:{&quot;unit&quot;:&quot;px&quot;,&quot;size&quot;:90,&quot;sizes&quot;:[]},&quot;_animation&quot;:&quot;fadeInDown&quot;,&quot;_animation_tablet&quot;:&quot;none&quot;,&quot;_transform_rotateZ_effect_tablet&quot;:{&quot;unit&quot;:&quot;deg&quot;,&quot;size&quot;:&quot;&quot;,&quot;sizes&quot;:[]},&quot;_transform_rotateZ_effect_mobile&quot;:{&quot;unit&quot;:&quot;deg&quot;,&quot;size&quot;:&quot;&quot;,&quot;sizes&quot;:[]}}\" data-widget_type=\"divider.default\">\n\t\t\t\t\t\t\t<div class=\"elementor-divider\">\n\t\t\t<span class=\"elementor-divider-separator\">\n\t\t\t\t\t\t<\/span>\n\t\t<\/div>\n\t\t\t\t\t\t<\/div>\n\t\t<div class=\"elementor-element elementor-element-eb60d9a e-con-full e-flex e-con e-child\" data-id=\"eb60d9a\" data-element_type=\"container\" data-e-type=\"container\">\n\t\t\t\t<div class=\"elementor-element elementor-element-eab9c1a elementor-widget elementor-widget-heading\" data-id=\"eab9c1a\" data-element_type=\"widget\" data-e-type=\"widget\" data-widget_type=\"heading.default\">\n\t\t\t\t\t<span class=\"elementor-heading-title elementor-size-default\">Toutes les indications<\/span>\t\t\t\t<\/div>\n\t\t\t\t<div class=\"elementor-element elementor-element-2f84f25 elementor-widget elementor-widget-heading\" data-id=\"2f84f25\" data-element_type=\"widget\" data-e-type=\"widget\" data-widget_type=\"heading.default\">\n\t\t\t\t\t<h2 class=\"elementor-heading-title elementor-size-default\">Comment nous rejoindre<\/h2>\t\t\t\t<\/div>\n\t\t\t\t<div class=\"elementor-element elementor-element-050c578 elementor-widget elementor-widget-text-editor\" data-id=\"050c578\" data-element_type=\"widget\" data-e-type=\"widget\" data-widget_type=\"text-editor.default\">\n\t\t\t\t\t\t\t\t\t<p><strong>Entr\u00e9e principale<\/strong>: Via Carlo Pascal 3<br><strong>Acc\u00e8s au parking voiture<\/strong>: Piazza Galimberti 4<br>12100 &#8211; Cuneo (CN)<\/p><p><strong>En voiture<\/strong><br>Autoroute Torino-Savona sortie Cuneo<br>Autoroute Piacenza-Brescia sortie Asti Est &gt; Alba &gt; Bra &gt; Roreto di Cherasco &gt; Cuneo<br>Calculez l&rsquo;itin\u00e9raire: <a href=\"https:\/\/www.viamichelin.it\/\" target=\"_blank\" rel=\"noopener\">www.viamichelin.it<\/a><\/p><p><strong>Liaisons a\u00e9riennes <\/strong><br>A\u00e9roport de Cuneo \u00e0 18 km &#8211; Info: <a href=\"https:\/\/www.aeroporto.cuneo.it\/\" target=\"_blank\" rel=\"noopener\">www.aeroporto.cuneo.it<\/a><br>A\u00e9roport de Torino Caselle 110 km<br>A\u00e9roport de Nice C\u00f2te D\u2019Azur (FR) 120 km<\/p><p><strong>En train <\/strong><br>\u00c0 environ 950 m\u00e8tres de la gare ferroviaire (ligne Turin-Cuneo-Nice).<br>Calculez l&rsquo;itin\u00e9raire: <a href=\"https:\/\/www.trenitalia.it\/\" target=\"_blank\" rel=\"noopener\">www.trenitalia.it<\/a><\/p><p><strong>En bus<\/strong><br>Tous les bus arrivent et partent Piazza Galimberti, service de taxi &#8211; Info: <a href=\"https:\/\/www.grandabus.it\/\" target=\"_blank\" rel=\"noopener\">www.grandabus.it<\/a><\/p>\t\t\t\t\t\t\t\t<\/div>\n\t\t\t\t<\/div>\n\t\t\t\t<\/div>\n\t\t\t\t\t<\/div>\n\t\t\t\t<\/div>\n\t\t<div class=\"elementor-element elementor-element-8b985af e-flex e-con-boxed e-con e-parent\" data-id=\"8b985af\" data-element_type=\"container\" data-e-type=\"container\" data-settings=\"{&quot;background_background&quot;:&quot;classic&quot;}\">\n\t\t\t\t\t<div class=\"e-con-inner\">\n\t\t<div class=\"elementor-element elementor-element-3a4d48d e-con-full e-flex e-con e-child\" data-id=\"3a4d48d\" data-element_type=\"container\" data-e-type=\"container\">\n\t\t\t\t<div class=\"elementor-element elementor-element-f963694 elementor-widget elementor-widget-heading\" data-id=\"f963694\" data-element_type=\"widget\" data-e-type=\"widget\" data-widget_type=\"heading.default\">\n\t\t\t\t\t<h3 class=\"elementor-heading-title elementor-size-default\">Donn\u00e9es relatives \u00e0 la soci\u00e9t\u00e9<\/h3>\t\t\t\t<\/div>\n\t\t\t\t<div class=\"elementor-element elementor-element-5079fc7 elementor-widget elementor-widget-text-editor\" data-id=\"5079fc7\" data-element_type=\"widget\" data-e-type=\"widget\" data-widget_type=\"text-editor.default\">\n\t\t\t\t\t\t\t\t\t<p>Royal Superga S.R.L.<br>Via Carlo Pascal 3 &#8211; 12100 &#8211; Cuneo (CN)<\/p><p>TVA: 02949260042<br>Registre des entreprises: Cuneo 02949260042<br>Capital social: 10 000 &#8211; Capital vers\u00e9: 10 000<\/p>\t\t\t\t\t\t\t\t<\/div>\n\t\t\t\t<\/div>\n\t\t\t\t\t<\/div>\n\t\t\t\t<\/div>\n\t\t\t\t<\/div>\n\t\t","protected":false},"excerpt":{"rendered":"<p>Contacts &amp; Location Contactez-nous, nous sommes \u00e0 votre disposition Hotel Royal Superga 4 \u00e9toiles T\u00e9l: 0171 693223Fax: 0171 699101Email: superga.cn@bestwestern.it Toutes les indications Comment nous rejoindre Entr\u00e9e principale: Via Carlo Pascal 3Acc\u00e8s au parking voiture: Piazza Galimberti 412100 &#8211; Cuneo (CN) En voitureAutoroute Torino-Savona sortie CuneoAutoroute Piacenza-Brescia sortie Asti Est &gt; Alba &gt; Bra &gt; [&hellip;]<\/p>\n","protected":false},"author":6,"featured_media":2699,"parent":0,"menu_order":0,"comment_status":"closed","ping_status":"closed","template":"","meta":{"footnotes":""},"class_list":["post-2665","page","type-page","status-publish","has-post-thumbnail","hentry"],"yoast_head":"<!-- This site is optimized with the Yoast SEO plugin v27.3 - https:\/\/yoast.com\/product\/yoast-seo-wordpress\/ -->\n<title>Contacts et comment rejoindre l&#039;h\u00f4tel Royal Superga - Centre de Cuneo<\/title>\n<meta name=\"description\" content=\"\u00c9crivez ou appelez l&#039;h\u00f4tel Royal Superga \u00e0 Cuneo pour obtenir des informations ou effectuer une r\u00e9servation. Notre \u00e9l\u00e9gant h\u00f4tel 4 \u00e9toiles est situ\u00e9 dans le centre de Cuneo. D\u00e9couvrez comment vous y rendre!\" \/>\n<meta name=\"robots\" content=\"index, follow, max-snippet:-1, max-image-preview:large, max-video-preview:-1\" \/>\n<link rel=\"canonical\" href=\"https:\/\/www.hotelroyalsuperga.it\/fr\/contacts-localisation\/\" \/>\n<meta property=\"og:locale\" content=\"fr_FR\" \/>\n<meta property=\"og:type\" content=\"article\" \/>\n<meta property=\"og:title\" content=\"Contacts et comment rejoindre l&#039;h\u00f4tel Royal Superga - Centre de Cuneo\" \/>\n<meta property=\"og:description\" content=\"\u00c9crivez ou appelez l&#039;h\u00f4tel Royal Superga \u00e0 Cuneo pour obtenir des informations ou effectuer une r\u00e9servation. Notre \u00e9l\u00e9gant h\u00f4tel 4 \u00e9toiles est situ\u00e9 dans le centre de Cuneo. D\u00e9couvrez comment vous y rendre!\" \/>\n<meta property=\"og:url\" content=\"https:\/\/www.hotelroyalsuperga.it\/fr\/contacts-localisation\/\" \/>\n<meta property=\"og:site_name\" content=\"98395 Hotel Royal Superga\" \/>\n<meta property=\"article:modified_time\" content=\"2026-01-22T10:18:12+00:00\" \/>\n<meta property=\"og:image\" content=\"https:\/\/www.hotelroyalsuperga.it\/wp-content\/uploads\/sites\/231\/2026\/01\/Esterno-hotel.webp\" \/>\n\t<meta property=\"og:image:width\" content=\"1920\" \/>\n\t<meta property=\"og:image:height\" content=\"1280\" \/>\n\t<meta property=\"og:image:type\" content=\"image\/webp\" \/>\n<meta name=\"twitter:card\" content=\"summary_large_image\" \/>\n<meta name=\"twitter:label1\" content=\"Dur\u00e9e de lecture estim\u00e9e\" \/>\n\t<meta name=\"twitter:data1\" content=\"1 minute\" \/>\n<script type=\"application\/ld+json\" class=\"yoast-schema-graph\">{\"@context\":\"https:\\\/\\\/schema.org\",\"@graph\":[{\"@type\":\"WebPage\",\"@id\":\"https:\\\/\\\/www.hotelroyalsuperga.it\\\/fr\\\/contacts-localisation\\\/\",\"url\":\"https:\\\/\\\/www.hotelroyalsuperga.it\\\/fr\\\/contacts-localisation\\\/\",\"name\":\"Contacts et comment rejoindre l'h\u00f4tel Royal Superga - Centre de Cuneo\",\"isPartOf\":{\"@id\":\"https:\\\/\\\/www.hotelroyalsuperga.it\\\/fr\\\/#website\"},\"primaryImageOfPage\":{\"@id\":\"https:\\\/\\\/www.hotelroyalsuperga.it\\\/fr\\\/contacts-localisation\\\/#primaryimage\"},\"image\":{\"@id\":\"https:\\\/\\\/www.hotelroyalsuperga.it\\\/fr\\\/contacts-localisation\\\/#primaryimage\"},\"thumbnailUrl\":\"https:\\\/\\\/www.hotelroyalsuperga.it\\\/wp-content\\\/uploads\\\/sites\\\/231\\\/2026\\\/01\\\/Esterno-hotel.webp\",\"datePublished\":\"2025-10-13T12:24:49+00:00\",\"dateModified\":\"2026-01-22T10:18:12+00:00\",\"description\":\"\u00c9crivez ou appelez l'h\u00f4tel Royal Superga \u00e0 Cuneo pour obtenir des informations ou effectuer une r\u00e9servation. Notre \u00e9l\u00e9gant h\u00f4tel 4 \u00e9toiles est situ\u00e9 dans le centre de Cuneo. D\u00e9couvrez comment vous y rendre!\",\"breadcrumb\":{\"@id\":\"https:\\\/\\\/www.hotelroyalsuperga.it\\\/fr\\\/contacts-localisation\\\/#breadcrumb\"},\"inLanguage\":\"fr-FR\",\"potentialAction\":[{\"@type\":\"ReadAction\",\"target\":[\"https:\\\/\\\/www.hotelroyalsuperga.it\\\/fr\\\/contacts-localisation\\\/\"]}]},{\"@type\":\"ImageObject\",\"inLanguage\":\"fr-FR\",\"@id\":\"https:\\\/\\\/www.hotelroyalsuperga.it\\\/fr\\\/contacts-localisation\\\/#primaryimage\",\"url\":\"https:\\\/\\\/www.hotelroyalsuperga.it\\\/wp-content\\\/uploads\\\/sites\\\/231\\\/2026\\\/01\\\/Esterno-hotel.webp\",\"contentUrl\":\"https:\\\/\\\/www.hotelroyalsuperga.it\\\/wp-content\\\/uploads\\\/sites\\\/231\\\/2026\\\/01\\\/Esterno-hotel.webp\",\"width\":1920,\"height\":1280,\"caption\":\"External - Hotel Royal Superga Cuneo\"},{\"@type\":\"BreadcrumbList\",\"@id\":\"https:\\\/\\\/www.hotelroyalsuperga.it\\\/fr\\\/contacts-localisation\\\/#breadcrumb\",\"itemListElement\":[{\"@type\":\"ListItem\",\"position\":1,\"name\":\"Home\",\"item\":\"https:\\\/\\\/www.hotelroyalsuperga.it\\\/fr\\\/\"},{\"@type\":\"ListItem\",\"position\":2,\"name\":\"Contacts &amp; Location\"}]},{\"@type\":\"WebSite\",\"@id\":\"https:\\\/\\\/www.hotelroyalsuperga.it\\\/fr\\\/#website\",\"url\":\"https:\\\/\\\/www.hotelroyalsuperga.it\\\/fr\\\/\",\"name\":\"98395 Hotel Royal Superga\",\"description\":\"\",\"publisher\":{\"@id\":\"https:\\\/\\\/www.hotelroyalsuperga.it\\\/fr\\\/#organization\"},\"potentialAction\":[{\"@type\":\"SearchAction\",\"target\":{\"@type\":\"EntryPoint\",\"urlTemplate\":\"https:\\\/\\\/www.hotelroyalsuperga.it\\\/fr\\\/?s={search_term_string}\"},\"query-input\":{\"@type\":\"PropertyValueSpecification\",\"valueRequired\":true,\"valueName\":\"search_term_string\"}}],\"inLanguage\":\"fr-FR\"},{\"@type\":\"Organization\",\"@id\":\"https:\\\/\\\/www.hotelroyalsuperga.it\\\/fr\\\/#organization\",\"name\":\"98395 Hotel Royal Superga\",\"url\":\"https:\\\/\\\/www.hotelroyalsuperga.it\\\/fr\\\/\",\"logo\":{\"@type\":\"ImageObject\",\"inLanguage\":\"fr-FR\",\"@id\":\"https:\\\/\\\/www.hotelroyalsuperga.it\\\/fr\\\/#\\\/schema\\\/logo\\\/image\\\/\",\"url\":\"https:\\\/\\\/www.hotelroyalsuperga.it\\\/wp-content\\\/uploads\\\/sites\\\/231\\\/2024\\\/07\\\/BWPlus.png\",\"contentUrl\":\"https:\\\/\\\/www.hotelroyalsuperga.it\\\/wp-content\\\/uploads\\\/sites\\\/231\\\/2024\\\/07\\\/BWPlus.png\",\"width\":420,\"height\":191,\"caption\":\"98395 Hotel Royal Superga\"},\"image\":{\"@id\":\"https:\\\/\\\/www.hotelroyalsuperga.it\\\/fr\\\/#\\\/schema\\\/logo\\\/image\\\/\"}}]}<\/script>\n<!-- \/ Yoast SEO plugin. -->","yoast_head_json":{"title":"Contacts et comment rejoindre l'h\u00f4tel Royal Superga - Centre de Cuneo","description":"\u00c9crivez ou appelez l'h\u00f4tel Royal Superga \u00e0 Cuneo pour obtenir des informations ou effectuer une r\u00e9servation. Notre \u00e9l\u00e9gant h\u00f4tel 4 \u00e9toiles est situ\u00e9 dans le centre de Cuneo. D\u00e9couvrez comment vous y rendre!","robots":{"index":"index","follow":"follow","max-snippet":"max-snippet:-1","max-image-preview":"max-image-preview:large","max-video-preview":"max-video-preview:-1"},"canonical":"https:\/\/www.hotelroyalsuperga.it\/fr\/contacts-localisation\/","og_locale":"fr_FR","og_type":"article","og_title":"Contacts et comment rejoindre l'h\u00f4tel Royal Superga - Centre de Cuneo","og_description":"\u00c9crivez ou appelez l'h\u00f4tel Royal Superga \u00e0 Cuneo pour obtenir des informations ou effectuer une r\u00e9servation. Notre \u00e9l\u00e9gant h\u00f4tel 4 \u00e9toiles est situ\u00e9 dans le centre de Cuneo. D\u00e9couvrez comment vous y rendre!","og_url":"https:\/\/www.hotelroyalsuperga.it\/fr\/contacts-localisation\/","og_site_name":"98395 Hotel Royal Superga","article_modified_time":"2026-01-22T10:18:12+00:00","og_image":[{"width":1920,"height":1280,"url":"https:\/\/www.hotelroyalsuperga.it\/wp-content\/uploads\/sites\/231\/2026\/01\/Esterno-hotel.webp","type":"image\/webp"}],"twitter_card":"summary_large_image","twitter_misc":{"Dur\u00e9e de lecture estim\u00e9e":"1 minute"},"schema":{"@context":"https:\/\/schema.org","@graph":[{"@type":"WebPage","@id":"https:\/\/www.hotelroyalsuperga.it\/fr\/contacts-localisation\/","url":"https:\/\/www.hotelroyalsuperga.it\/fr\/contacts-localisation\/","name":"Contacts et comment rejoindre l'h\u00f4tel Royal Superga - Centre de Cuneo","isPartOf":{"@id":"https:\/\/www.hotelroyalsuperga.it\/fr\/#website"},"primaryImageOfPage":{"@id":"https:\/\/www.hotelroyalsuperga.it\/fr\/contacts-localisation\/#primaryimage"},"image":{"@id":"https:\/\/www.hotelroyalsuperga.it\/fr\/contacts-localisation\/#primaryimage"},"thumbnailUrl":"https:\/\/www.hotelroyalsuperga.it\/wp-content\/uploads\/sites\/231\/2026\/01\/Esterno-hotel.webp","datePublished":"2025-10-13T12:24:49+00:00","dateModified":"2026-01-22T10:18:12+00:00","description":"\u00c9crivez ou appelez l'h\u00f4tel Royal Superga \u00e0 Cuneo pour obtenir des informations ou effectuer une r\u00e9servation. Notre \u00e9l\u00e9gant h\u00f4tel 4 \u00e9toiles est situ\u00e9 dans le centre de Cuneo. D\u00e9couvrez comment vous y rendre!","breadcrumb":{"@id":"https:\/\/www.hotelroyalsuperga.it\/fr\/contacts-localisation\/#breadcrumb"},"inLanguage":"fr-FR","potentialAction":[{"@type":"ReadAction","target":["https:\/\/www.hotelroyalsuperga.it\/fr\/contacts-localisation\/"]}]},{"@type":"ImageObject","inLanguage":"fr-FR","@id":"https:\/\/www.hotelroyalsuperga.it\/fr\/contacts-localisation\/#primaryimage","url":"https:\/\/www.hotelroyalsuperga.it\/wp-content\/uploads\/sites\/231\/2026\/01\/Esterno-hotel.webp","contentUrl":"https:\/\/www.hotelroyalsuperga.it\/wp-content\/uploads\/sites\/231\/2026\/01\/Esterno-hotel.webp","width":1920,"height":1280,"caption":"External - Hotel Royal Superga Cuneo"},{"@type":"BreadcrumbList","@id":"https:\/\/www.hotelroyalsuperga.it\/fr\/contacts-localisation\/#breadcrumb","itemListElement":[{"@type":"ListItem","position":1,"name":"Home","item":"https:\/\/www.hotelroyalsuperga.it\/fr\/"},{"@type":"ListItem","position":2,"name":"Contacts &amp; Location"}]},{"@type":"WebSite","@id":"https:\/\/www.hotelroyalsuperga.it\/fr\/#website","url":"https:\/\/www.hotelroyalsuperga.it\/fr\/","name":"98395 Hotel Royal Superga","description":"","publisher":{"@id":"https:\/\/www.hotelroyalsuperga.it\/fr\/#organization"},"potentialAction":[{"@type":"SearchAction","target":{"@type":"EntryPoint","urlTemplate":"https:\/\/www.hotelroyalsuperga.it\/fr\/?s={search_term_string}"},"query-input":{"@type":"PropertyValueSpecification","valueRequired":true,"valueName":"search_term_string"}}],"inLanguage":"fr-FR"},{"@type":"Organization","@id":"https:\/\/www.hotelroyalsuperga.it\/fr\/#organization","name":"98395 Hotel Royal Superga","url":"https:\/\/www.hotelroyalsuperga.it\/fr\/","logo":{"@type":"ImageObject","inLanguage":"fr-FR","@id":"https:\/\/www.hotelroyalsuperga.it\/fr\/#\/schema\/logo\/image\/","url":"https:\/\/www.hotelroyalsuperga.it\/wp-content\/uploads\/sites\/231\/2024\/07\/BWPlus.png","contentUrl":"https:\/\/www.hotelroyalsuperga.it\/wp-content\/uploads\/sites\/231\/2024\/07\/BWPlus.png","width":420,"height":191,"caption":"98395 Hotel Royal Superga"},"image":{"@id":"https:\/\/www.hotelroyalsuperga.it\/fr\/#\/schema\/logo\/image\/"}}]}},"_links":{"self":[{"href":"https:\/\/www.hotelroyalsuperga.it\/fr\/wp-json\/wp\/v2\/pages\/2665","targetHints":{"allow":["GET"]}}],"collection":[{"href":"https:\/\/www.hotelroyalsuperga.it\/fr\/wp-json\/wp\/v2\/pages"}],"about":[{"href":"https:\/\/www.hotelroyalsuperga.it\/fr\/wp-json\/wp\/v2\/types\/page"}],"author":[{"embeddable":true,"href":"https:\/\/www.hotelroyalsuperga.it\/fr\/wp-json\/wp\/v2\/users\/6"}],"replies":[{"embeddable":true,"href":"https:\/\/www.hotelroyalsuperga.it\/fr\/wp-json\/wp\/v2\/comments?post=2665"}],"version-history":[{"count":3,"href":"https:\/\/www.hotelroyalsuperga.it\/fr\/wp-json\/wp\/v2\/pages\/2665\/revisions"}],"predecessor-version":[{"id":2801,"href":"https:\/\/www.hotelroyalsuperga.it\/fr\/wp-json\/wp\/v2\/pages\/2665\/revisions\/2801"}],"wp:featuredmedia":[{"embeddable":true,"href":"https:\/\/www.hotelroyalsuperga.it\/fr\/wp-json\/wp\/v2\/media\/2699"}],"wp:attachment":[{"href":"https:\/\/www.hotelroyalsuperga.it\/fr\/wp-json\/wp\/v2\/media?parent=2665"}],"curies":[{"name":"wp","href":"https:\/\/api.w.org\/{rel}","templated":true}]}}